{"id":1182,"date":"2025-11-28T09:45:38","date_gmt":"2025-11-28T09:45:38","guid":{"rendered":"https:\/\/startersites.io\/elementor\/codespot\/?page_id=1182"},"modified":"2026-01-12T15:39:23","modified_gmt":"2026-01-12T14:39:23","slug":"home","status":"publish","type":"page","link":"https:\/\/duchlasu.edui.pl\/","title":{"rendered":"Home"},"content":{"rendered":"\t\t<div data-elementor-type=\"wp-page\" data-elementor-id=\"1182\" class=\"elementor elementor-1182\">\n\t\t\t\t<div class=\"elementor-element elementor-element-ddcf743 e-flex e-con-boxed e-con e-parent\" data-id=\"ddcf743\" data-element_type=\"container\" data-settings=\"{&quot;background_background&quot;:&quot;classic&quot;}\">\n\t\t\t\t\t<div class=\"e-con-inner\">\n\t\t<div class=\"elementor-element elementor-element-9f604da e-con-full e-flex e-con e-child\" data-id=\"9f604da\" data-element_type=\"container\" id=\"o-nas\">\n\t\t\t\t<div class=\"elementor-element elementor-element-8c927aa elementor-widget elementor-widget-heading\" data-id=\"8c927aa\" data-element_type=\"widget\" data-widget_type=\"heading.default\">\n\t\t\t\t\t<h2 class=\"elementor-heading-title elementor-size-default\">Duch Lasu \u2013 Szko\u0142a Prawdziwego Przetrwania<\/h2>\t\t\t\t<\/div>\n\t\t\t\t<div class=\"elementor-element elementor-element-525b845 elementor-widget elementor-widget-text-editor\" data-id=\"525b845\" data-element_type=\"widget\" data-widget_type=\"text-editor.default\">\n\t\t\t\t\t\t\t\t\t<p>W Duchu Lasu stawiamy na powr\u00f3t do korzeni. Survival to dla nas co\u015b wi\u0119cej ni\u017c hobby \u2013 to zestaw krytycznych umiej\u0119tno\u015bci, kt\u00f3re pozwalaj\u0105 zachowa\u0107 kontrol\u0119 nad sytuacj\u0105, gdy zawodz\u0105 nowoczesne udogodnienia. Nasz\u0105 misj\u0105 jest przekazywanie rzetelnej, praktycznej wiedzy opartej na do\u015bwiadczeniu terenowym, a nie na teoretycznych poradnikach.<br \/>Wyr\u00f3\u017cnia nas autentyczno\u015b\u0107. Ka\u017cde szkolenie to czas sp\u0119dzony w terenie, pod okiem instruktor\u00f3w, kt\u00f3rzy od lat doskonal\u0105 techniki bytowania w najtrudniejszych warunkach. Wierzymy, \u017ce ognia, orientacji w terenie i hartu ducha mo\u017ce nauczy\u0107 si\u0119 ka\u017cdy.<\/p>\t\t\t\t\t\t\t\t<\/div>\n\t\t\t\t<\/div>\n\t\t\t\t\t<\/div>\n\t\t\t\t<\/div>\n\t\t<div class=\"elementor-element elementor-element-71d99d4 e-flex e-con-boxed e-con e-parent\" data-id=\"71d99d4\" data-element_type=\"container\" id=\"szkolenia\">\n\t\t\t\t\t<div class=\"e-con-inner\">\n\t\t<div class=\"elementor-element elementor-element-721dfcc e-con-full ct-column-sticky e-flex e-con e-child\" data-id=\"721dfcc\" data-element_type=\"container\">\n\t\t<div class=\"elementor-element elementor-element-a213045 e-con-full e-flex e-con e-child\" data-id=\"a213045\" data-element_type=\"container\">\n\t\t\t\t<div class=\"elementor-element elementor-element-ecb15a6 elementor-widget__width-initial elementor-widget elementor-widget-heading\" data-id=\"ecb15a6\" data-element_type=\"widget\" data-widget_type=\"heading.default\">\n\t\t\t\t\t<h2 class=\"elementor-heading-title elementor-size-default\">Szkolenia<\/h2>\t\t\t\t<\/div>\n\t\t\t\t<div class=\"elementor-element elementor-element-dddbf29 elementor-widget elementor-widget-text-editor\" data-id=\"dddbf29\" data-element_type=\"widget\" data-widget_type=\"text-editor.default\">\n\t\t\t\t\t\t\t\t\t<p>Nasze flagowe szkolenie \u201eSkuteczny Survival\u201d to intensywny kurs terenowy. Tutaj teoria jest jedynie wst\u0119pem do dzia\u0142ania. Uczymy systemowego podej\u015bcia do przetrwania, dziel\u0105c wiedz\u0119 na fundamenty, kt\u00f3re uratuj\u0105 Ci \u017cycie:<\/p><ul><li>Schronienie i Izolacja: Budowa konstrukcji z materia\u0142\u00f3w naturalnych, kt\u00f3re skutecznie chroni\u0105 przed deszczem, wiatrem i utrat\u0105 ciep\u0142a.<\/li><li>Ogie\u0144 w Ka\u017cdych Warunkach: Rozpalanie ognia metodami tradycyjnymi i nowoczesnymi, nawet przy wysokiej wilgotno\u015bci i braku gotowych rozpa\u0142ek.<\/li><li>Woda i Po\u017cywienie: Pozyskiwanie wody z otoczenia, metody jej uzdatniania (filtracja, destylacja) oraz identyfikacja jadalnych dar\u00f3w natury.<\/li><li>Nawigacja Terenowa: Czytanie mapy, pos\u0142ugiwanie si\u0119 kompasem oraz orientacja wzgl\u0119dem s\u0142o\u0144ca i gwiazd.<\/li><\/ul>\t\t\t\t\t\t\t\t<\/div>\n\t\t\t\t<\/div>\n\t\t\t\t<\/div>\n\t\t<div class=\"elementor-element elementor-element-779198c e-grid e-con-full e-con e-child\" data-id=\"779198c\" data-element_type=\"container\">\n\t\t<div class=\"elementor-element elementor-element-5fc00ec e-con-full ct-backdrop-s ct-boxshadow e-flex e-con e-child\" data-id=\"5fc00ec\" data-element_type=\"container\" data-settings=\"{&quot;background_background&quot;:&quot;gradient&quot;}\">\n\t\t\t\t<\/div>\n\t\t\t\t<\/div>\n\t\t\t\t\t<\/div>\n\t\t\t\t<\/div>\n\t\t<div class=\"elementor-element elementor-element-f7fdf8c e-flex e-con-boxed e-con e-parent\" data-id=\"f7fdf8c\" data-element_type=\"container\">\n\t\t\t\t\t<div class=\"e-con-inner\">\n\t\t<div class=\"elementor-element elementor-element-26c504b e-con-full ct-boxshadow e-flex e-con e-child\" data-id=\"26c504b\" data-element_type=\"container\" data-settings=\"{&quot;background_background&quot;:&quot;classic&quot;}\">\n\t\t\t\t<div class=\"elementor-element elementor-element-6393bff elementor-widget__width-inherit elementor-widget elementor-widget-heading\" data-id=\"6393bff\" data-element_type=\"widget\" data-widget_type=\"heading.default\">\n\t\t\t\t\t<h2 class=\"elementor-heading-title elementor-size-default\">Dlaczego warto wybra\u0107 nasze szkolenie?<\/h2>\t\t\t\t<\/div>\n\t\t\t\t<div class=\"elementor-element elementor-element-53d3747 elementor-widget__width-initial elementor-widget elementor-widget-text-editor\" data-id=\"53d3747\" data-element_type=\"widget\" data-widget_type=\"text-editor.default\">\n\t\t\t\t\t\t\t\t\t<ul><li><strong>Realizm:<\/strong> \u0106wiczysz na \u017cywym organizmie lasu. Tu nie ma przycisku \u201ecofnij\u201d \u2013 ka\u017cda decyzja ma swoje konsekwencje, co jest najlepsz\u0105 form\u0105 nauki.<\/li><li><strong>Bezpo\u015bredni Nadz\u00f3r:<\/strong> Instruktor jest z Tob\u0105 na ka\u017cdym kroku, koryguj\u0105c chwyt no\u017ca, spos\u00f3b uk\u0142adania stosu ogniska czy technik\u0119 wi\u0105zania w\u0119z\u0142\u00f3w.<\/li><li><strong>Sprz\u0119t:<\/strong> Zapewniamy profesjonalne akcesoria survivalowe do \u0107wicze\u0144, ale uczymy te\u017c, jak radzi\u0107 sobie przy u\u017cyciu tego, co znajdziesz pod r\u0119k\u0105.<\/li><\/ul>\t\t\t\t\t\t\t\t<\/div>\n\t\t\t\t<\/div>\n\t\t\t\t\t<\/div>\n\t\t\t\t<\/div>\n\t\t<div class=\"elementor-element elementor-element-30d50c3 e-flex e-con-boxed e-con e-parent\" data-id=\"30d50c3\" data-element_type=\"container\" id=\"kontakt\">\n\t\t\t\t\t<div class=\"e-con-inner\">\n\t\t<div class=\"elementor-element elementor-element-94dd97b e-con-full e-flex e-con e-child\" data-id=\"94dd97b\" data-element_type=\"container\" data-settings=\"{&quot;background_background&quot;:&quot;gradient&quot;}\">\n\t\t\t\t<div class=\"elementor-element elementor-element-f593ed0 elementor-widget__width-inherit elementor-widget elementor-widget-heading\" data-id=\"f593ed0\" data-element_type=\"widget\" data-widget_type=\"heading.default\">\n\t\t\t\t\t<h2 class=\"elementor-heading-title elementor-size-default\">Kontakt<\/h2>\t\t\t\t<\/div>\n\t\t\t\t<div class=\"elementor-element elementor-element-c224062 elementor-widget__width-initial elementor-widget elementor-widget-text-editor\" data-id=\"c224062\" data-element_type=\"widget\" data-widget_type=\"text-editor.default\">\n\t\t\t\t\t\t\t\t\t<p>Gotowy, by sprawdzi\u0107 swoje granice i zdoby\u0107 umiej\u0119tno\u015bci, kt\u00f3re zostan\u0105 z Tob\u0105 na ca\u0142e \u017cycie? <br \/>Skontaktuj si\u0119 z nami i zarezerwuj termin najbli\u017cszej przygody.<\/p>\t\t\t\t\t\t\t\t<\/div>\n\t\t\t\t<div class=\"elementor-element elementor-element-64fd727 ct-contact-form fluentform-widget-submit-button-custom elementor-widget elementor-widget-fluent-form-widget\" data-id=\"64fd727\" data-element_type=\"widget\" data-widget_type=\"fluent-form-widget.default\">\n\t\t\t\t<div class=\"elementor-widget-container\">\n\t\t\t\t\t\n            <div class=\"fluentform-widget-wrapper fluentform-widget-align-default\">\n\n            \n            <div class='fluentform ff-default fluentform_wrapper_1 ffs_default_wrap'><form data-form_id=\"1\" id=\"fluentform_1\" class=\"frm-fluent-form fluent_form_1 ff-el-form-top ff_form_instance_1_1 ff-form-loading ffs_default\" data-form_instance=\"ff_form_instance_1_1\" method=\"POST\" ><fieldset  style=\"border: none!important;margin: 0!important;padding: 0!important;background-color: transparent!important;box-shadow: none!important;outline: none!important; min-inline-size: 100%;\">\n                    <legend class=\"ff_screen_reader_title\" style=\"display: block; margin: 0!important;padding: 0!important;height: 0!important;text-indent: -999999px;width: 0!important;overflow:hidden;\">Kontakt<\/legend><input type='hidden' name='__fluent_form_embded_post_id' value='1182' \/><input type=\"hidden\" id=\"_fluentform_1_fluentformnonce\" name=\"_fluentform_1_fluentformnonce\" value=\"69a44b13a9\" \/><input type=\"hidden\" name=\"_wp_http_referer\" value=\"\/index.php\/wp-json\/wp\/v2\/pages\/1182\" \/><div data-name=\"ff_cn_id_1\"  class='ff-t-container ff-column-container ff_columns_total_2 '><div class='ff-t-cell ff-t-column-1' style='flex-basis: 50%;'><div data-type=\"name-element\" data-name=\"names\" class=\" ff-field_container ff-name-field-wrapper\" ><div class='ff-t-container'><div class='ff-t-cell '><div class='ff-el-group'><div class=\"ff-el-input--label ff-el-is-required asterisk-right\"><label for='ff_1_names_first_name_' id='label_ff_1_names_first_name_' >Twoje imi\u0119<\/label><\/div><div class='ff-el-input--content'><input type=\"text\" name=\"names[first_name]\" id=\"ff_1_names_first_name_\" class=\"ff-el-form-control\" aria-invalid=\"false\" aria-required=true><\/div><\/div><\/div><\/div><\/div><\/div><div class='ff-t-cell ff-t-column-2' style='flex-basis: 50%;'><div class='ff-el-group'><div class=\"ff-el-input--label ff-el-is-required asterisk-right\"><label for='ff_1_email' id='label_ff_1_email' aria-label=\"Tw\u00f3j e-mail\">Tw\u00f3j e-mail<\/label><\/div><div class='ff-el-input--content'><input type=\"email\" name=\"email\" id=\"ff_1_email\" class=\"ff-el-form-control\" data-name=\"email\"  aria-invalid=\"false\" aria-required=true><\/div><\/div><\/div><\/div><div data-name=\"ff_cn_id_2\"  class='ff-t-container ff-column-container ff_columns_total_1 '><div class='ff-t-cell ff-t-column-1' style='flex-basis: 100%;'><div class='ff-el-group'><div class=\"ff-el-input--label ff-el-is-required asterisk-right\"><label for='ff_1_numeric_field' id='label_ff_1_numeric_field' aria-label=\"Numer Telefonu\">Numer Telefonu<\/label><\/div><div class='ff-el-input--content'><input type=\"number\" name=\"numeric_field\" id=\"ff_1_numeric_field\" class=\"ff-el-form-control\" data-name=\"numeric_field\" inputmode=\"numeric\" step=\"any\"  aria-invalid=\"false\" aria-required=true><\/div><\/div><\/div><\/div><div class='ff-el-group'><div class=\"ff-el-input--label ff-el-is-required asterisk-right\"><label for='ff_1_message' id='label_ff_1_message' aria-label=\"Tre\u015b\u0107 wiadomo\u015bci\">Tre\u015b\u0107 wiadomo\u015bci<\/label><\/div><div class='ff-el-input--content'><textarea aria-required=\"true\" aria-labelledby=\"label_ff_1_message\" name=\"message\" id=\"ff_1_message\" class=\"ff-el-form-control\" rows=\"4\" cols=\"2\" data-name=\"message\" ><\/textarea><\/div><\/div><div class='ff-el-group ff-text-left ff_submit_btn_wrapper'><button type=\"submit\" class=\"ff-btn ff-btn-submit ff-btn-md ff_btn_style\"  aria-label=\"Wy\u015blij\">Wy\u015blij<\/button><\/div><\/fieldset><\/form><div id='fluentform_1_errors' class='ff-errors-in-stack ff_form_instance_1_1 ff-form-loading_errors ff_form_instance_1_1_errors'><\/div><\/div>            <script type=\"text\/javascript\">\n                window.fluent_form_ff_form_instance_1_1 = {\"id\":\"1\",\"settings\":{\"layout\":{\"labelPlacement\":\"top\",\"helpMessagePlacement\":\"with_label\",\"errorMessagePlacement\":\"inline\",\"cssClassName\":\"\",\"asteriskPlacement\":\"asterisk-right\"},\"restrictions\":{\"denyEmptySubmission\":{\"enabled\":false}}},\"form_instance\":\"ff_form_instance_1_1\",\"form_id_selector\":\"fluentform_1\",\"rules\":{\"names[first_name]\":{\"required\":{\"value\":true,\"message\":\"To pole jest wymagane\",\"global\":true,\"global_message\":\"To pole jest wymagane\"}},\"names[middle_name]\":{\"required\":{\"value\":false,\"message\":\"This field is required\",\"global\":false,\"global_message\":\"To pole jest wymagane\"}},\"names[last_name]\":{\"required\":{\"value\":false,\"message\":\"This field is required\",\"global\":false,\"global_message\":\"To pole jest wymagane\"}},\"email\":{\"required\":{\"value\":true,\"message\":\"To pole jest wymagane\",\"global\":true,\"global_message\":\"To pole jest wymagane\"},\"email\":{\"value\":true,\"message\":\"This field must contain a valid email\",\"global\":false,\"global_message\":\"To pole musi zawiera\\u0107 prawid\\u0142owy adres e-mail\"}},\"numeric_field\":{\"required\":{\"value\":true,\"message\":\"To pole jest wymagane\",\"global_message\":\"To pole jest wymagane\",\"global\":true},\"numeric\":{\"value\":true,\"message\":\"This field must contain numeric value\",\"global_message\":\"This field must contain numeric value\",\"global\":true},\"min\":{\"value\":\"\",\"message\":\"Validation fails for minimum value\",\"global_message\":\"Validation fails for minimum value\",\"global\":true},\"max\":{\"value\":\"\",\"message\":\"Validation fails for maximum value\",\"global_message\":\"Validation fails for maximum value\",\"global\":true},\"digits\":{\"value\":\"\",\"message\":\"Validation fails for limited digits\",\"global_message\":\"Validation fails for limited digits\",\"global\":true}},\"message\":{\"required\":{\"value\":true,\"message\":\"To pole jest wymagane\",\"global\":true,\"global_message\":\"To pole jest wymagane\"}}},\"debounce_time\":300};\n                            <\/script>\n                        <\/div>\n\n            \t\t\t\t<\/div>\n\t\t\t\t<\/div>\n\t\t\t\t<\/div>\n\t\t\t\t\t<\/div>\n\t\t\t\t<\/div>\n\t\t\t\t<\/div>\n\t\t","protected":false},"excerpt":{"rendered":"<p>Duch Lasu \u2013 Szko\u0142a Prawdziwego Przetrwania W Duchu Lasu stawiamy na powr\u00f3t do korzeni. Survival to dla nas co\u015b wi\u0119cej ni\u017c hobby \u2013 to zestaw krytycznych umiej\u0119tno\u015bci, kt\u00f3re pozwalaj\u0105 zachowa\u0107 kontrol\u0119 nad sytuacj\u0105, gdy zawodz\u0105 nowoczesne udogodnienia. Nasz\u0105 misj\u0105 jest przekazywanie rzetelnej, praktycznej wiedzy opartej na do\u015bwiadczeniu terenowym, a nie na teoretycznych poradnikach.Wyr\u00f3\u017cnia nas autentyczno\u015b\u0107. [&hellip;]<\/p>\n","protected":false},"author":1,"featured_media":0,"parent":0,"menu_order":0,"comment_status":"closed","ping_status":"closed","template":"","meta":{"footnotes":""},"class_list":["post-1182","page","type-page","status-publish","hentry"],"blocksy_meta":{"has_hero_section":"disabled","vertical_spacing_source":"custom","content_area_spacing":"none","styles_descriptor":{"styles":{"desktop":"","tablet":"","mobile":""},"google_fonts":[],"version":6}},"yoast_head":"<!-- This site is optimized with the Yoast SEO plugin v26.7 - https:\/\/yoast.com\/wordpress\/plugins\/seo\/ -->\n<title>Duch Lasu<\/title>\n<meta name=\"robots\" content=\"noindex, follow, max-snippet:-1, max-image-preview:large, max-video-preview:-1\" \/>\n<meta property=\"og:locale\" content=\"pl_PL\" \/>\n<meta property=\"og:type\" content=\"article\" \/>\n<meta property=\"og:title\" content=\"Duch Lasu\" \/>\n<meta property=\"og:description\" content=\"Duch Lasu \u2013 Szko\u0142a Prawdziwego Przetrwania W Duchu Lasu stawiamy na powr\u00f3t do korzeni. Survival to dla nas co\u015b wi\u0119cej ni\u017c hobby \u2013 to zestaw krytycznych umiej\u0119tno\u015bci, kt\u00f3re pozwalaj\u0105 zachowa\u0107 kontrol\u0119 nad sytuacj\u0105, gdy zawodz\u0105 nowoczesne udogodnienia. Nasz\u0105 misj\u0105 jest przekazywanie rzetelnej, praktycznej wiedzy opartej na do\u015bwiadczeniu terenowym, a nie na teoretycznych poradnikach.Wyr\u00f3\u017cnia nas autentyczno\u015b\u0107. [&hellip;]\" \/>\n<meta property=\"og:url\" content=\"https:\/\/duchlasu.edui.pl\/\" \/>\n<meta property=\"og:site_name\" content=\"Duch Lasu\" \/>\n<meta property=\"article:modified_time\" content=\"2026-01-12T14:39:23+00:00\" \/>\n<meta name=\"twitter:card\" content=\"summary_large_image\" \/>\n<meta name=\"twitter:label1\" content=\"Szacowany czas czytania\" \/>\n\t<meta name=\"twitter:data1\" content=\"2 minuty\" \/>\n<script type=\"application\/ld+json\" class=\"yoast-schema-graph\">{\"@context\":\"https:\/\/schema.org\",\"@graph\":[{\"@type\":\"WebPage\",\"@id\":\"https:\/\/duchlasu.edui.pl\/\",\"url\":\"https:\/\/duchlasu.edui.pl\/\",\"name\":\"Duch Lasu\",\"isPartOf\":{\"@id\":\"https:\/\/duchlasu.edui.pl\/#website\"},\"datePublished\":\"2025-11-28T09:45:38+00:00\",\"dateModified\":\"2026-01-12T14:39:23+00:00\",\"breadcrumb\":{\"@id\":\"https:\/\/duchlasu.edui.pl\/#breadcrumb\"},\"inLanguage\":\"pl-PL\",\"potentialAction\":[{\"@type\":\"ReadAction\",\"target\":[\"https:\/\/duchlasu.edui.pl\/\"]}]},{\"@type\":\"BreadcrumbList\",\"@id\":\"https:\/\/duchlasu.edui.pl\/#breadcrumb\",\"itemListElement\":[{\"@type\":\"ListItem\",\"position\":1,\"name\":\"Strona g\u0142\u00f3wna\",\"item\":\"https:\/\/duchlasu.edui.pl\/\"},{\"@type\":\"ListItem\",\"position\":2,\"name\":\"Home\"}]},{\"@type\":\"WebSite\",\"@id\":\"https:\/\/duchlasu.edui.pl\/#website\",\"url\":\"https:\/\/duchlasu.edui.pl\/\",\"name\":\"Duch Lasu\",\"description\":\"\",\"potentialAction\":[{\"@type\":\"SearchAction\",\"target\":{\"@type\":\"EntryPoint\",\"urlTemplate\":\"https:\/\/duchlasu.edui.pl\/?s={search_term_string}\"},\"query-input\":{\"@type\":\"PropertyValueSpecification\",\"valueRequired\":true,\"valueName\":\"search_term_string\"}}],\"inLanguage\":\"pl-PL\"}]}<\/script>\n<!-- \/ Yoast SEO plugin. -->","yoast_head_json":{"title":"Duch Lasu","robots":{"index":"noindex","follow":"follow","max-snippet":"max-snippet:-1","max-image-preview":"max-image-preview:large","max-video-preview":"max-video-preview:-1"},"og_locale":"pl_PL","og_type":"article","og_title":"Duch Lasu","og_description":"Duch Lasu \u2013 Szko\u0142a Prawdziwego Przetrwania W Duchu Lasu stawiamy na powr\u00f3t do korzeni. Survival to dla nas co\u015b wi\u0119cej ni\u017c hobby \u2013 to zestaw krytycznych umiej\u0119tno\u015bci, kt\u00f3re pozwalaj\u0105 zachowa\u0107 kontrol\u0119 nad sytuacj\u0105, gdy zawodz\u0105 nowoczesne udogodnienia. Nasz\u0105 misj\u0105 jest przekazywanie rzetelnej, praktycznej wiedzy opartej na do\u015bwiadczeniu terenowym, a nie na teoretycznych poradnikach.Wyr\u00f3\u017cnia nas autentyczno\u015b\u0107. [&hellip;]","og_url":"https:\/\/duchlasu.edui.pl\/","og_site_name":"Duch Lasu","article_modified_time":"2026-01-12T14:39:23+00:00","twitter_card":"summary_large_image","twitter_misc":{"Szacowany czas czytania":"2 minuty"},"schema":{"@context":"https:\/\/schema.org","@graph":[{"@type":"WebPage","@id":"https:\/\/duchlasu.edui.pl\/","url":"https:\/\/duchlasu.edui.pl\/","name":"Duch Lasu","isPartOf":{"@id":"https:\/\/duchlasu.edui.pl\/#website"},"datePublished":"2025-11-28T09:45:38+00:00","dateModified":"2026-01-12T14:39:23+00:00","breadcrumb":{"@id":"https:\/\/duchlasu.edui.pl\/#breadcrumb"},"inLanguage":"pl-PL","potentialAction":[{"@type":"ReadAction","target":["https:\/\/duchlasu.edui.pl\/"]}]},{"@type":"BreadcrumbList","@id":"https:\/\/duchlasu.edui.pl\/#breadcrumb","itemListElement":[{"@type":"ListItem","position":1,"name":"Strona g\u0142\u00f3wna","item":"https:\/\/duchlasu.edui.pl\/"},{"@type":"ListItem","position":2,"name":"Home"}]},{"@type":"WebSite","@id":"https:\/\/duchlasu.edui.pl\/#website","url":"https:\/\/duchlasu.edui.pl\/","name":"Duch Lasu","description":"","potentialAction":[{"@type":"SearchAction","target":{"@type":"EntryPoint","urlTemplate":"https:\/\/duchlasu.edui.pl\/?s={search_term_string}"},"query-input":{"@type":"PropertyValueSpecification","valueRequired":true,"valueName":"search_term_string"}}],"inLanguage":"pl-PL"}]}},"_links":{"self":[{"href":"https:\/\/duchlasu.edui.pl\/index.php\/wp-json\/wp\/v2\/pages\/1182","targetHints":{"allow":["GET"]}}],"collection":[{"href":"https:\/\/duchlasu.edui.pl\/index.php\/wp-json\/wp\/v2\/pages"}],"about":[{"href":"https:\/\/duchlasu.edui.pl\/index.php\/wp-json\/wp\/v2\/types\/page"}],"author":[{"embeddable":true,"href":"https:\/\/duchlasu.edui.pl\/index.php\/wp-json\/wp\/v2\/users\/1"}],"replies":[{"embeddable":true,"href":"https:\/\/duchlasu.edui.pl\/index.php\/wp-json\/wp\/v2\/comments?post=1182"}],"version-history":[{"count":24,"href":"https:\/\/duchlasu.edui.pl\/index.php\/wp-json\/wp\/v2\/pages\/1182\/revisions"}],"predecessor-version":[{"id":1223,"href":"https:\/\/duchlasu.edui.pl\/index.php\/wp-json\/wp\/v2\/pages\/1182\/revisions\/1223"}],"wp:attachment":[{"href":"https:\/\/duchlasu.edui.pl\/index.php\/wp-json\/wp\/v2\/media?parent=1182"}],"curies":[{"name":"wp","href":"https:\/\/api.w.org\/{rel}","templated":true}]}}